{"id":722,"date":"2023-04-10T17:38:36","date_gmt":"2023-04-10T15:38:36","guid":{"rendered":"https:\/\/vivaohlala.com\/nuestras-excursiones-clasicas\/"},"modified":"2024-11-10T23:51:15","modified_gmt":"2024-11-10T22:51:15","slug":"nuestras-excursiones-clasicas","status":"publish","type":"page","link":"https:\/\/vivaohlala.actopix.com\/es\/nuestras-excursiones-clasicas\/","title":{"rendered":"Nuestras excursiones cl\u00e1sicas"},"content":{"rendered":"<p>[et_pb_section fb_built=&#8221;1&#8243; _builder_version=&#8221;4.20.4&#8243; _module_preset=&#8221;default&#8221; background_image=&#8221;https:\/\/vivaohlala.actopix.com\/wp-content\/uploads\/2023\/04\/nos-excursions-classiques-mexique-riviera-maya-cancun.jpg&#8221; global_colors_info=&#8221;{}&#8221;][et_pb_row _builder_version=&#8221;4.20.4&#8243; _module_preset=&#8221;default&#8221; global_colors_info=&#8221;{}&#8221;][et_pb_column type=&#8221;4_4&#8243; _builder_version=&#8221;4.20.4&#8243; _module_preset=&#8221;default&#8221; global_colors_info=&#8221;{}&#8221;][et_pb_text _builder_version=&#8221;4.20.4&#8243; _module_preset=&#8221;default&#8221; header_font=&#8221;Noto Serif|700|||||||&#8221; header_text_color=&#8221;#FFFFFF&#8221; header_font_size=&#8221;50px&#8221; global_colors_info=&#8221;{}&#8221;]<\/p>\n<h1>Nuestras excursiones cl\u00e1sicas<\/h1>\n<p>[\/et_pb_text][\/et_pb_column][\/et_pb_row][\/et_pb_section][et_pb_section fb_built=&#8221;1&#8243; _builder_version=&#8221;4.20.4&#8243; _module_preset=&#8221;default&#8221; custom_padding=&#8221;0px||7px|||&#8221; global_colors_info=&#8221;{}&#8221;][et_pb_row _builder_version=&#8221;4.20.4&#8243; _module_preset=&#8221;default&#8221; global_colors_info=&#8221;{}&#8221;][et_pb_column type=&#8221;4_4&#8243; _builder_version=&#8221;4.20.4&#8243; _module_preset=&#8221;default&#8221; global_colors_info=&#8221;{}&#8221;][et_pb_text _builder_version=&#8221;4.20.4&#8243; _module_preset=&#8221;default&#8221; text_font=&#8221;Noto Serif|700|on||||||&#8221; text_font_size=&#8221;17px&#8221; text_line_height=&#8221;1.6em&#8221; text_orientation=&#8221;center&#8221; global_colors_info=&#8221;{}&#8221;]<\/p>\n<p>Si eliges uno de nuestros recorridos cl\u00e1sicos, estar\u00e1s en un grupo reducido de un m\u00e1ximo de 12 personas.<br \/><span>Ofrecemos experiencias \u00fanicas y m\u00e1gicas en los lugares tur\u00edsticos m\u00e1s bellos de M\u00e9xico, mucho m\u00e1s all\u00e1 de los sitios cl\u00e1sicos como Tulum, Canc\u00fan o Playa del Carmen. Gracias a nuestros v\u00ednculos privilegiados con la poblaci\u00f3n local, reservamos lugares secretos en exclusiva para nuestros clientes para que tu estancia sea a\u00fan m\u00e1s incre\u00edble.<\/span><\/p>\n<p>[\/et_pb_text][\/et_pb_column][\/et_pb_row][\/et_pb_section][et_pb_section fb_built=&#8221;1&#8243; _builder_version=&#8221;4.20.4&#8243; _module_preset=&#8221;default&#8221; custom_padding=&#8221;2px||9px|||&#8221; global_colors_info=&#8221;{}&#8221;][et_pb_row column_structure=&#8221;1_3,1_3,1_3&#8243; make_equal=&#8221;on&#8221; _builder_version=&#8221;4.20.4&#8243; _module_preset=&#8221;default&#8221; global_colors_info=&#8221;{}&#8221;][et_pb_column type=&#8221;1_3&#8243; _builder_version=&#8221;4.21.0&#8243; _module_preset=&#8221;default&#8221; global_colors_info=&#8221;{}&#8221;][et_pb_blurb title=&#8221;Tour cl\u00e1sico HOLBOX&#8221; url=&#8221;https:\/\/vivaohlala.actopix.com\/es\/holbox-clasico\/&#8221; image=&#8221;https:\/\/vivaohlala.actopix.com\/wp-content\/uploads\/2023\/07\/visite-holbox-tour-operateur-francophone-ConvertImage.jpg&#8221; alt=&#8221;Visite d&#8217;Holbox avec le Tour Op\u00e9rateur VivaOhlala sp\u00e9cialis\u00e9 dans les excursions francophones&#8221; module_class=&#8221;blzoom&#8221; _builder_version=&#8221;4.21.0&#8243; _module_preset=&#8221;default&#8221; header_font=&#8221;Noto Serif|700|||||||&#8221; header_text_align=&#8221;center&#8221; header_text_color=&#8221;#578279&#8243; header_font_size=&#8221;18px&#8221; transform_translate_linked__hover=&#8221;off&#8221; min_height=&#8221;100%&#8221; custom_padding=&#8221;||||false|false&#8221; link_option_url=&#8221;https:\/\/vivaohlala.actopix.com\/es\/holbox-clasico\/&#8221; custom_css_blurb_image=&#8221;||&#8221; border_radii=&#8221;on|3px|3px|3px|3px&#8221; border_width_all=&#8221;1px&#8221; box_shadow_style=&#8221;preset1&#8243; global_colors_info=&#8221;{}&#8221; transform_styles__hover_enabled=&#8221;on|desktop&#8221; transform_scale__hover_enabled=&#8221;on|hover&#8221; transform_translate__hover_enabled=&#8221;on|desktop&#8221; transform_rotate__hover_enabled=&#8221;on|desktop&#8221; transform_skew__hover_enabled=&#8221;on|desktop&#8221; transform_origin__hover_enabled=&#8221;on|desktop&#8221; transform_translate__hover=&#8221;0px|-5px&#8221; image_icon_background_color__hover_enabled=&#8221;off|hover&#8221; background__hover_enabled=&#8221;on|hover&#8221; background_color__hover=&#8221;rgba(0,0,0,0.04)&#8221; background_enable_color__hover=&#8221;on&#8221;]<\/p>\n<p><span><\/span><\/p>\n<p><span>Paisaje de postal: arena blanca y agua turquesa.<\/span><\/p>\n<p><span>_________________________<\/span><\/p>\n<p><span><\/span><\/p>\n<p><strong>Precio: 2,250 pesos<\/strong><\/p>\n<p><span class=\"boutonTour\">M\u00e1s informaci\u00f3n<\/span><\/p>\n<p><span><\/span><\/p>\n<p>[\/et_pb_blurb][\/et_pb_column][et_pb_column type=&#8221;1_3&#8243; _builder_version=&#8221;4.21.0&#8243; _module_preset=&#8221;default&#8221; global_colors_info=&#8221;{}&#8221;][et_pb_blurb title=&#8221;Tour cl\u00e1sico CHICHEN ITZA&#8221; url=&#8221;https:\/\/vivaohlala.actopix.com\/es\/chichen-itza-clasico\/&#8221; image=&#8221;https:\/\/vivaohlala.actopix.com\/wp-content\/uploads\/2023\/07\/agence-dexcursion-francophone-chichen-itza.jpg&#8221; module_class=&#8221;blzoom&#8221; _builder_version=&#8221;4.21.0&#8243; _module_preset=&#8221;default&#8221; header_font=&#8221;Noto Serif|700|||||||&#8221; header_text_align=&#8221;center&#8221; header_text_color=&#8221;#578279&#8243; header_font_size=&#8221;18px&#8221; min_height=&#8221;100%&#8221; custom_padding=&#8221;||||false|false&#8221; link_option_url=&#8221;https:\/\/vivaohlala.actopix.com\/es\/chichen-itza-clasico\/&#8221; custom_css_blurb_image=&#8221;||&#8221; border_radii=&#8221;on|3px|3px|3px|3px&#8221; border_width_all=&#8221;1px&#8221; box_shadow_style=&#8221;preset1&#8243; global_colors_info=&#8221;{}&#8221; background_color__hover=&#8221;rgba(0,0,0,0.04)&#8221; background_enable_color__hover=&#8221;on&#8221; image_icon_background_color__hover_enabled=&#8221;off|hover&#8221; transform_styles__hover_enabled=&#8221;on|desktop&#8221; transform_scale__hover_enabled=&#8221;on|hover&#8221; transform_translate__hover=&#8221;0px|-5px&#8221; transform_translate__hover_enabled=&#8221;on|desktop&#8221; transform_rotate__hover_enabled=&#8221;on|desktop&#8221; transform_skew__hover_enabled=&#8221;on|desktop&#8221; transform_origin__hover_enabled=&#8221;on|desktop&#8221; background__hover_enabled=&#8221;on|hover&#8221;]<\/p>\n<p><span><\/span><\/p>\n<p><span>\u00a1Chichen Itz\u00e1 est\u00e1 entre las 7 maravillas del mundo!<\/span><\/p>\n<p><span>_________________________<\/span><\/p>\n<p><span><\/span><\/p>\n<p><strong>Precio: 2,250 pesos<\/strong><\/p>\n<p><span class=\"boutonTour\">M\u00e1s informaci\u00f3n<\/span><\/p>\n<p><span><\/span><\/p>\n<p>[\/et_pb_blurb][\/et_pb_column][et_pb_column type=&#8221;1_3&#8243; _builder_version=&#8221;4.20.4&#8243; _module_preset=&#8221;default&#8221; global_colors_info=&#8221;{}&#8221;][et_pb_blurb title=&#8221;Tour cl\u00e1sico SIAN KA&#8217;AN&#8221; url=&#8221;@ET-DC@eyJkeW5hbWljIjp0cnVlLCJjb250ZW50IjoicG9zdF9saW5rX3VybF9wYWdlIiwic2V0dGluZ3MiOnsicG9zdF9pZCI6IjE4NTUifX0=@&#8221; image=&#8221;https:\/\/vivaohlala.actopix.com\/wp-content\/uploads\/2023\/07\/excursion-sian-kaan-francophone.jpg&#8221; module_class=&#8221;blzoom&#8221; _builder_version=&#8221;4.21.0&#8243; _dynamic_attributes=&#8221;link_option_url,url&#8221; _module_preset=&#8221;default&#8221; header_font=&#8221;Noto Serif|700|||||||&#8221; header_text_align=&#8221;center&#8221; header_text_color=&#8221;#578279&#8243; header_font_size=&#8221;18px&#8221; min_height=&#8221;100%&#8221; custom_padding=&#8221;||||false|false&#8221; link_option_url=&#8221;@ET-DC@eyJkeW5hbWljIjp0cnVlLCJjb250ZW50IjoicG9zdF9saW5rX3VybF9wYWdlIiwic2V0dGluZ3MiOnsicG9zdF9pZCI6IjE4NTUifX0=@&#8221; custom_css_blurb_image=&#8221;||&#8221; border_radii=&#8221;on|3px|3px|3px|3px&#8221; border_width_all=&#8221;1px&#8221; box_shadow_style=&#8221;preset1&#8243; global_colors_info=&#8221;{}&#8221; background_color__hover=&#8221;rgba(0,0,0,0.04)&#8221; background_enable_color__hover=&#8221;on&#8221; image_icon_background_color__hover_enabled=&#8221;off|hover&#8221; transform_styles__hover_enabled=&#8221;on|desktop&#8221; transform_scale__hover_enabled=&#8221;on|hover&#8221; transform_translate__hover=&#8221;0px|-5px&#8221; transform_translate__hover_enabled=&#8221;on|desktop&#8221; transform_rotate__hover_enabled=&#8221;on|desktop&#8221; transform_skew__hover_enabled=&#8221;on|desktop&#8221; transform_origin__hover_enabled=&#8221;on|desktop&#8221; background__hover_enabled=&#8221;on|hover&#8221;]<\/p>\n<p><span><\/span><\/p>\n<p><span>Explora un momento asombroso junto a la magnificencia de la naturaleza en M\u00e9xico.<\/span><\/p>\n<p><span>_________________________<\/span><\/p>\n<p><span><\/span><\/p>\n<p><strong>Precio: 3,000 pesos<\/strong><\/p>\n<p><span class=\"boutonTour\">M\u00e1s informaci\u00f3n<\/span><\/p>\n<p><span><\/span><\/p>\n<p>[\/et_pb_blurb][\/et_pb_column][\/et_pb_row][et_pb_row column_structure=&#8221;1_3,1_3,1_3&#8243; make_equal=&#8221;on&#8221; _builder_version=&#8221;4.20.4&#8243; _module_preset=&#8221;default&#8221; global_colors_info=&#8221;{}&#8221;][et_pb_column type=&#8221;1_3&#8243; _builder_version=&#8221;4.21.0&#8243; _module_preset=&#8221;default&#8221; global_colors_info=&#8221;{}&#8221;][et_pb_blurb title=&#8221;Tour cl\u00e1sico COBA \/ PUNTA LAGUNA&#8221; url=&#8221;https:\/\/vivaohlala.actopix.com\/es\/coba-punta-laguna-clasico\/&#8221; image=&#8221;https:\/\/vivaohlala.actopix.com\/wp-content\/uploads\/2023\/04\/agence-de-voyage-francaise-coba-punta-laguna-mexique.jpg&#8221; module_class=&#8221;blzoom&#8221; _builder_version=&#8221;4.20.4&#8243; _module_preset=&#8221;default&#8221; header_font=&#8221;Noto Serif|700|||||||&#8221; header_text_align=&#8221;center&#8221; header_text_color=&#8221;#578279&#8243; header_font_size=&#8221;18px&#8221; min_height=&#8221;100%&#8221; custom_padding=&#8221;||||false|false&#8221; link_option_url=&#8221;https:\/\/vivaohlala.actopix.com\/es\/coba-punta-laguna-clasico\/&#8221; custom_css_blurb_image=&#8221;||&#8221; border_radii=&#8221;on|3px|3px|3px|3px&#8221; border_width_all=&#8221;1px&#8221; box_shadow_style=&#8221;preset1&#8243; global_colors_info=&#8221;{}&#8221; background_color__hover=&#8221;rgba(0,0,0,0.04)&#8221; background_enable_color__hover=&#8221;on&#8221; image_icon_background_color__hover_enabled=&#8221;off|hover&#8221; transform_styles__hover_enabled=&#8221;on|desktop&#8221; transform_scale__hover_enabled=&#8221;on|hover&#8221; transform_translate__hover=&#8221;0px|-5px&#8221; transform_translate__hover_enabled=&#8221;on|desktop&#8221; transform_rotate__hover_enabled=&#8221;on|desktop&#8221; transform_skew__hover_enabled=&#8221;on|desktop&#8221; transform_origin__hover_enabled=&#8221;on|desktop&#8221; background__hover_enabled=&#8221;on|hover&#8221;]<\/p>\n<p><span><\/span><\/p>\n<p><span><span style=\"vertical-align: inherit;\"><span style=\"vertical-align: inherit;\">Visitez Coba en passant par la magnifique r\u00e9serve de Punta Laguna.<\/span><\/span><\/span><\/p>\n<p><span><span style=\"vertical-align: inherit;\"><span style=\"vertical-align: inherit;\">_________________________<\/span><\/span><\/span><\/p>\n<p><span><\/span><\/p>\n<p><strong><span style=\"vertical-align: inherit;\"><span style=\"vertical-align: inherit;\">Prix \u200b\u200b: 2 100 pesos<\/span><\/span><\/strong><\/p>\n<p><span class=\"boutonTour\"><span style=\"vertical-align: inherit;\"><span style=\"vertical-align: inherit;\">Plus d&#8217;informations<\/span><\/span><\/span><\/p>\n<p><span><\/span><\/p>\n<p>[\/et_pb_blurb][\/et_pb_column][et_pb_column type=&#8221;1_3&#8243; _builder_version=&#8221;4.21.0&#8243; _module_preset=&#8221;default&#8221; global_colors_info=&#8221;{}&#8221;][et_pb_blurb title=&#8221;Tour cl\u00e1sico BACALAR&#8221; url=&#8221;https:\/\/vivaohlala.actopix.com\/es\/bacalar-clasico\/&#8221; image=&#8221;https:\/\/vivaohlala.actopix.com\/wp-content\/uploads\/2023\/04\/agence-de-voyage-francaise-bacalar-mexique.jpg&#8221; module_class=&#8221;blzoom&#8221; _builder_version=&#8221;4.20.4&#8243; _module_preset=&#8221;default&#8221; header_font=&#8221;Noto Serif|700|||||||&#8221; header_text_align=&#8221;center&#8221; header_text_color=&#8221;#578279&#8243; header_font_size=&#8221;18px&#8221; min_height=&#8221;100%&#8221; custom_padding=&#8221;||||false|false&#8221; link_option_url=&#8221;https:\/\/vivaohlala.actopix.com\/es\/bacalar-clasico\/&#8221; custom_css_blurb_image=&#8221;||&#8221; border_radii=&#8221;on|3px|3px|3px|3px&#8221; border_width_all=&#8221;1px&#8221; box_shadow_style=&#8221;preset1&#8243; global_colors_info=&#8221;{}&#8221; background_color__hover=&#8221;rgba(0,0,0,0.04)&#8221; background_enable_color__hover=&#8221;on&#8221; image_icon_background_color__hover_enabled=&#8221;off|hover&#8221; transform_styles__hover_enabled=&#8221;on|desktop&#8221; transform_scale__hover_enabled=&#8221;on|hover&#8221; transform_translate__hover=&#8221;0px|-5px&#8221; transform_translate__hover_enabled=&#8221;on|desktop&#8221; transform_rotate__hover_enabled=&#8221;on|desktop&#8221; transform_skew__hover_enabled=&#8221;on|desktop&#8221; transform_origin__hover_enabled=&#8221;on|desktop&#8221; background__hover_enabled=&#8221;on|hover&#8221;]<\/p>\n<p><span><\/span><\/p>\n<p><span><span style=\"vertical-align: inherit;\"><span style=\"vertical-align: inherit;\">D\u00e9couvrez le spectaculaire lagon aux sept nuances de bleu de la Riviera Maya !<\/span><\/span><\/span><\/p>\n<p><span><span style=\"vertical-align: inherit;\"><span style=\"vertical-align: inherit;\">_________________________<\/span><\/span><\/span><\/p>\n<p><span><\/span><\/p>\n<p><strong><span style=\"vertical-align: inherit;\"><span style=\"vertical-align: inherit;\">Prix \u200b\u200b: 2 350 pesos<\/span><\/span><\/strong><\/p>\n<p><span class=\"boutonTour\"><span style=\"vertical-align: inherit;\"><span style=\"vertical-align: inherit;\">Plus d&#8217;informations<\/span><\/span><\/span><\/p>\n<p><span><\/span><\/p>\n<p>[\/et_pb_blurb][\/et_pb_column][et_pb_column type=&#8221;1_3&#8243; _builder_version=&#8221;4.21.0&#8243; _module_preset=&#8221;default&#8221; global_colors_info=&#8221;{}&#8221;][et_pb_blurb title=&#8221;Tour cl\u00e1sico TULUM \/ AKUMAL&#8221; url=&#8221;https:\/\/vivaohlala.actopix.com\/excursion-tulum-akumal-tour-classique\/&#8221; image=&#8221;https:\/\/vivaohlala.actopix.com\/wp-content\/uploads\/2023\/04\/agence-de-voyage-francaise-tulum-akumal-mexique.jpg&#8221; module_class=&#8221;blzoom&#8221; _builder_version=&#8221;4.20.4&#8243; _module_preset=&#8221;default&#8221; header_font=&#8221;Noto Serif|700|||||||&#8221; header_text_align=&#8221;center&#8221; header_text_color=&#8221;#578279&#8243; header_font_size=&#8221;18px&#8221; min_height=&#8221;100%&#8221; custom_padding=&#8221;||||false|false&#8221; link_option_url=&#8221;https:\/\/vivaohlala.actopix.com\/excursion-tulum-akumal-tour-classique\/&#8221; custom_css_blurb_image=&#8221;||&#8221; border_radii=&#8221;on|3px|3px|3px|3px&#8221; border_width_all=&#8221;1px&#8221; box_shadow_style=&#8221;preset1&#8243; global_colors_info=&#8221;{}&#8221; background_color__hover=&#8221;rgba(0,0,0,0.04)&#8221; background_enable_color__hover=&#8221;on&#8221; image_icon_background_color__hover_enabled=&#8221;off|hover&#8221; transform_styles__hover_enabled=&#8221;on|desktop&#8221; transform_scale__hover_enabled=&#8221;on|hover&#8221; transform_translate__hover=&#8221;0px|-5px&#8221; transform_translate__hover_enabled=&#8221;on|desktop&#8221; transform_rotate__hover_enabled=&#8221;on|desktop&#8221; transform_skew__hover_enabled=&#8221;on|desktop&#8221; transform_origin__hover_enabled=&#8221;on|desktop&#8221; background__hover_enabled=&#8221;on|hover&#8221;]<\/p>\n<p><span><\/span><\/p>\n<p><span><span style=\"vertical-align: inherit;\"><span style=\"vertical-align: inherit;\">R\u00e9alisez votre r\u00eave : nagez dans des eaux cristallines avec les tortues !<\/span><\/span><\/span><\/p>\n<p><span><span style=\"vertical-align: inherit;\"><span style=\"vertical-align: inherit;\">_________________________<\/span><\/span><\/span><\/p>\n<p><span><\/span><\/p>\n<p><strong><span style=\"vertical-align: inherit;\"><span style=\"vertical-align: inherit;\">Prix \u200b\u200b: 2 050 pesos<\/span><\/span><\/strong><\/p>\n<p><span class=\"boutonTour\"><span style=\"vertical-align: inherit;\"><span style=\"vertical-align: inherit;\">Plus d&#8217;informations<\/span><\/span><\/span><\/p>\n<p><span><\/span><\/p>\n<p>[\/et_pb_blurb][\/et_pb_column][\/et_pb_row][et_pb_row column_structure=&#8221;1_3,1_3,1_3&#8243; make_equal=&#8221;on&#8221; _builder_version=&#8221;4.20.4&#8243; _module_preset=&#8221;default&#8221; global_colors_info=&#8221;{}&#8221;][et_pb_column type=&#8221;1_3&#8243; _builder_version=&#8221;4.20.4&#8243; _module_preset=&#8221;default&#8221; global_colors_info=&#8221;{}&#8221;][et_pb_blurb title=&#8221;Tour cl\u00e1sico RIO LAGARTOS&#8221; url=&#8221;https:\/\/vivaohlala.actopix.com\/excursion-rio-lagartos-tour-classique\/&#8221; image=&#8221;https:\/\/vivaohlala.actopix.com\/wp-content\/uploads\/2023\/04\/agence-de-voyage-francaise-rio-lagartos-mexique.jpg&#8221; module_class=&#8221;blzoom&#8221; _builder_version=&#8221;4.20.4&#8243; _module_preset=&#8221;default&#8221; header_font=&#8221;Noto Serif|700|||||||&#8221; header_text_align=&#8221;center&#8221; header_text_color=&#8221;#578279&#8243; header_font_size=&#8221;18px&#8221; min_height=&#8221;100%&#8221; custom_padding=&#8221;||||false|false&#8221; link_option_url=&#8221;https:\/\/vivaohlala.actopix.com\/excursion-rio-lagartos-tour-classique\/&#8221; custom_css_blurb_image=&#8221;||&#8221; border_radii=&#8221;on|3px|3px|3px|3px&#8221; border_width_all=&#8221;1px&#8221; box_shadow_style=&#8221;preset1&#8243; global_colors_info=&#8221;{}&#8221; background_color__hover=&#8221;rgba(0,0,0,0.04)&#8221; background_enable_color__hover=&#8221;on&#8221; image_icon_background_color__hover_enabled=&#8221;off|hover&#8221; transform_styles__hover_enabled=&#8221;on|desktop&#8221; transform_scale__hover_enabled=&#8221;on|hover&#8221; transform_translate__hover=&#8221;0px|-5px&#8221; transform_translate__hover_enabled=&#8221;on|desktop&#8221; transform_rotate__hover_enabled=&#8221;on|desktop&#8221; transform_skew__hover_enabled=&#8221;on|desktop&#8221; transform_origin__hover_enabled=&#8221;on|desktop&#8221; background__hover_enabled=&#8221;on|hover&#8221;]<\/p>\n<p><span><\/span><\/p>\n<p><span><span style=\"vertical-align: inherit;\"><span style=\"vertical-align: inherit;\">Allez \u00e0 R\u00edo Lagartos et Las Coloradas et profitez de la vie en rose !<\/span><\/span><\/span><\/p>\n<p><span><span style=\"vertical-align: inherit;\"><span style=\"vertical-align: inherit;\">_________________________<\/span><\/span><\/span><\/p>\n<p><span><\/span><\/p>\n<p><strong><span style=\"vertical-align: inherit;\"><span style=\"vertical-align: inherit;\">Prix \u200b\u200b: 2 410 pesos<\/span><\/span><\/strong><\/p>\n<p><span class=\"boutonTour\"><span style=\"vertical-align: inherit;\"><span style=\"vertical-align: inherit;\">Plus d&#8217;informations<\/span><\/span><\/span><\/p>\n<p><span><\/span><\/p>\n<p>[\/et_pb_blurb][\/et_pb_column][et_pb_column type=&#8221;1_3&#8243; _builder_version=&#8221;4.20.4&#8243; _module_preset=&#8221;default&#8221; global_colors_info=&#8221;{}&#8221;][et_pb_blurb title=&#8221;Tour cl\u00e1sico ISLA MUJERES&#8221; url=&#8221;https:\/\/vivaohlala.actopix.com\/es\/isla-mujeres-clasico\/&#8221; image=&#8221;https:\/\/vivaohlala.actopix.com\/wp-content\/uploads\/2023\/04\/agence-de-voyage-francaise-isla-mujeres-mexique.jpg&#8221; module_class=&#8221;blzoom&#8221; _builder_version=&#8221;4.20.4&#8243; _module_preset=&#8221;default&#8221; header_font=&#8221;Noto Serif|700|||||||&#8221; header_text_align=&#8221;center&#8221; header_text_color=&#8221;#578279&#8243; header_font_size=&#8221;18px&#8221; min_height=&#8221;100%&#8221; custom_padding=&#8221;||||false|false&#8221; link_option_url=&#8221;https:\/\/vivaohlala.actopix.com\/es\/isla-mujeres-clasico\/&#8221; custom_css_blurb_image=&#8221;||&#8221; border_radii=&#8221;on|3px|3px|3px|3px&#8221; border_width_all=&#8221;1px&#8221; box_shadow_style=&#8221;preset1&#8243; global_colors_info=&#8221;{}&#8221; background_color__hover=&#8221;rgba(0,0,0,0.04)&#8221; background_enable_color__hover=&#8221;on&#8221; image_icon_background_color__hover_enabled=&#8221;off|hover&#8221; transform_styles__hover_enabled=&#8221;on|desktop&#8221; transform_scale__hover_enabled=&#8221;on|hover&#8221; transform_translate__hover=&#8221;0px|-5px&#8221; transform_translate__hover_enabled=&#8221;on|desktop&#8221; transform_rotate__hover_enabled=&#8221;on|desktop&#8221; transform_skew__hover_enabled=&#8221;on|desktop&#8221; transform_origin__hover_enabled=&#8221;on|desktop&#8221; background__hover_enabled=&#8221;on|hover&#8221;]<\/p>\n<p><span><\/span><\/p>\n<div data-hook=\"tag-line-root\" class=\"soIXAHR\" tabindex=\"-1\">\n<p class=\"s_RN42i oz0738P---typography-11-runningText oz0738P---priority-7-primary sYCZueN\" aria-hidden=\"false\" data-hook=\"tag-line-text\"><span style=\"vertical-align: inherit;\"><span style=\"vertical-align: inherit;\">La journ\u00e9e id\u00e9ale pour observer les fonds marins du Mexique.<\/span><\/span><\/p>\n<\/div>\n<p><span><span style=\"vertical-align: inherit;\"><span style=\"vertical-align: inherit;\">_________________________<\/span><\/span><\/span><\/p>\n<p><span><\/span><\/p>\n<p><strong><span style=\"vertical-align: inherit;\"><span style=\"vertical-align: inherit;\">Prix \u200b\u200b: 2 310 pesos<\/span><\/span><\/strong><\/p>\n<p><span class=\"boutonTour\"><span style=\"vertical-align: inherit;\"><span style=\"vertical-align: inherit;\">Plus d&#8217;informations<\/span><\/span><\/span><\/p>\n<p><span><\/span><\/p>\n<p>[\/et_pb_blurb][\/et_pb_column][et_pb_column type=&#8221;1_3&#8243; _builder_version=&#8221;4.20.4&#8243; _module_preset=&#8221;default&#8221; global_colors_info=&#8221;{}&#8221;][et_pb_blurb title=&#8221;Tour cl\u00e1sico TULUM \/ AKUMAL&#8221; url=&#8221;@ET-DC@eyJkeW5hbWljIjp0cnVlLCJjb250ZW50IjoicG9zdF9saW5rX3VybF9wYWdlIiwic2V0dGluZ3MiOnsicG9zdF9pZCI6IjIwMTAifX0=@&#8221; image=&#8221;https:\/\/vivaohlala.actopix.com\/wp-content\/uploads\/2023\/07\/requin-baleine-mexique.jpg&#8221; module_class=&#8221;blzoom&#8221; _builder_version=&#8221;4.21.0&#8243; _dynamic_attributes=&#8221;url,link_option_url&#8221; _module_preset=&#8221;default&#8221; header_font=&#8221;Noto Serif|700|||||||&#8221; header_text_align=&#8221;center&#8221; header_text_color=&#8221;#578279&#8243; header_font_size=&#8221;18px&#8221; min_height=&#8221;100%&#8221; custom_padding=&#8221;||||false|false&#8221; link_option_url=&#8221;@ET-DC@eyJkeW5hbWljIjp0cnVlLCJjb250ZW50IjoicG9zdF9saW5rX3VybF9wYWdlIiwic2V0dGluZ3MiOnsicG9zdF9pZCI6IjIwMTAifX0=@&#8221; custom_css_blurb_image=&#8221;||&#8221; border_radii=&#8221;on|3px|3px|3px|3px&#8221; border_width_all=&#8221;1px&#8221; box_shadow_style=&#8221;preset1&#8243; global_colors_info=&#8221;{}&#8221; background_color__hover=&#8221;rgba(0,0,0,0.04)&#8221; background_enable_color__hover=&#8221;on&#8221; image_icon_background_color__hover_enabled=&#8221;off|hover&#8221; transform_styles__hover_enabled=&#8221;on|desktop&#8221; transform_scale__hover_enabled=&#8221;on|hover&#8221; transform_translate__hover=&#8221;0px|-5px&#8221; transform_translate__hover_enabled=&#8221;on|desktop&#8221; transform_rotate__hover_enabled=&#8221;on|desktop&#8221; transform_skew__hover_enabled=&#8221;on|desktop&#8221; transform_origin__hover_enabled=&#8221;on|desktop&#8221; background__hover_enabled=&#8221;on|hover&#8221;]<\/p>\n<p><span><\/span><span style=\"vertical-align: inherit;\"><span style=\"vertical-align: inherit;\">Merveilles sous-marines : Nagez avec les requins baleines et les raies manta du Mexique !<\/span><\/span><\/p>\n<h2 class=\"et_pb_module_header et-fb-editable-element et-fb-editable-element__editing\" data-shortcode-id=\"1.0.0.0-1690251419736\" data-quickaccess-id=\"header\" contenteditable=\"true\"><\/h2>\n<p><span><span style=\"vertical-align: inherit;\"><span style=\"vertical-align: inherit;\">_________________________<\/span><\/span><\/span><\/p>\n<p><span><\/span><\/p>\n<p><strong><span style=\"vertical-align: inherit;\"><span style=\"vertical-align: inherit;\">Prix \u200b\u200b: 3 500 pesos<\/span><\/span><\/strong><\/p>\n<p><span class=\"boutonTour\"><span style=\"vertical-align: inherit;\"><span style=\"vertical-align: inherit;\">Plus d&#8217;informations<\/span><\/span><\/span><\/p>\n<p><span><\/span><\/p>\n<p>[\/et_pb_blurb][\/et_pb_column][\/et_pb_row][\/et_pb_section]<\/p>\n","protected":false},"excerpt":{"rendered":"<p>Nuestras excursiones cl\u00e1sicasSi eliges uno de nuestros recorridos cl\u00e1sicos, estar\u00e1s en un grupo reducido de un m\u00e1ximo de 12 personas.Ofrecemos experiencias \u00fanicas y m\u00e1gicas en los lugares tur\u00edsticos m\u00e1s bellos de M\u00e9xico, mucho m\u00e1s all\u00e1 de los sitios cl\u00e1sicos como Tulum, Canc\u00fan o Playa del Carmen. Gracias a nuestros v\u00ednculos privilegiados con la poblaci\u00f3n local, [&hellip;]<\/p>\n","protected":false},"author":1,"featured_media":0,"parent":0,"menu_order":0,"comment_status":"closed","ping_status":"closed","template":"","meta":{"_et_pb_use_builder":"on","_et_pb_old_content":"","_et_gb_content_width":"","_joinchat":[],"footnotes":""},"class_list":["post-722","page","type-page","status-publish","hentry"],"_links":{"self":[{"href":"https:\/\/vivaohlala.actopix.com\/es\/wp-json\/wp\/v2\/pages\/722","targetHints":{"allow":["GET"]}}],"collection":[{"href":"https:\/\/vivaohlala.actopix.com\/es\/wp-json\/wp\/v2\/pages"}],"about":[{"href":"https:\/\/vivaohlala.actopix.com\/es\/wp-json\/wp\/v2\/types\/page"}],"author":[{"embeddable":true,"href":"https:\/\/vivaohlala.actopix.com\/es\/wp-json\/wp\/v2\/users\/1"}],"replies":[{"embeddable":true,"href":"https:\/\/vivaohlala.actopix.com\/es\/wp-json\/wp\/v2\/comments?post=722"}],"version-history":[{"count":11,"href":"https:\/\/vivaohlala.actopix.com\/es\/wp-json\/wp\/v2\/pages\/722\/revisions"}],"predecessor-version":[{"id":71477,"href":"https:\/\/vivaohlala.actopix.com\/es\/wp-json\/wp\/v2\/pages\/722\/revisions\/71477"}],"wp:attachment":[{"href":"https:\/\/vivaohlala.actopix.com\/es\/wp-json\/wp\/v2\/media?parent=722"}],"curies":[{"name":"wp","href":"https:\/\/api.w.org\/{rel}","templated":true}]}}