{"id":734,"date":"2023-04-26T16:23:47","date_gmt":"2023-04-26T14:23:47","guid":{"rendered":"https:\/\/vivaohlala.com\/quienes-somos\/"},"modified":"2023-07-06T18:06:11","modified_gmt":"2023-07-06T16:06:11","slug":"quienes-somos","status":"publish","type":"page","link":"https:\/\/vivaohlala.actopix.com\/es\/quienes-somos\/","title":{"rendered":"\u00bfQui\u00e9nes somos?"},"content":{"rendered":"<p>[et_pb_section fb_built=&#8221;1&#8243; _builder_version=&#8221;4.20.4&#8243; _module_preset=&#8221;default&#8221; background_image=&#8221;https:\/\/vivaohlala.actopix.com\/wp-content\/uploads\/2023\/04\/vivaohlala-excursion-mexique-yucatan-riviera-maya-photo-video-drone.jpg&#8221; global_colors_info=&#8221;{}&#8221;][et_pb_row _builder_version=&#8221;4.20.4&#8243; _module_preset=&#8221;default&#8221; global_colors_info=&#8221;{}&#8221;][et_pb_column type=&#8221;4_4&#8243; _builder_version=&#8221;4.20.4&#8243; _module_preset=&#8221;default&#8221; global_colors_info=&#8221;{}&#8221;][et_pb_text _builder_version=&#8221;4.20.4&#8243; _module_preset=&#8221;default&#8221; header_font=&#8221;Noto Serif|700|||||||&#8221; header_text_align=&#8221;center&#8221; header_text_color=&#8221;#FFFFFF&#8221; header_font_size=&#8221;50px&#8221; background_enable_image=&#8221;off&#8221; header_font_size_tablet=&#8221;40px&#8221; header_font_size_phone=&#8221;40px&#8221; header_font_size_last_edited=&#8221;on|desktop&#8221; global_colors_info=&#8221;{}&#8221;]<\/p>\n<h1>\u00bfQui\u00e9nes somos?<\/h1>\n<p>[\/et_pb_text][\/et_pb_column][\/et_pb_row][\/et_pb_section][et_pb_section fb_built=&#8221;1&#8243; _builder_version=&#8221;4.20.4&#8243; _module_preset=&#8221;default&#8221; custom_padding=&#8221;||9px|||&#8221; animation_style=&#8221;fade&#8221; global_colors_info=&#8221;{}&#8221;][et_pb_row column_structure=&#8221;3_4,1_4&#8243; _builder_version=&#8221;4.20.4&#8243; _module_preset=&#8221;default&#8221; global_colors_info=&#8221;{}&#8221;][et_pb_column type=&#8221;3_4&#8243; _builder_version=&#8221;4.20.4&#8243; _module_preset=&#8221;default&#8221; global_colors_info=&#8221;{}&#8221;][et_pb_text _builder_version=&#8221;4.20.4&#8243; _module_preset=&#8221;default&#8221; text_font=&#8221;Noto Serif||||||||&#8221; text_font_size=&#8221;17px&#8221; header_2_font=&#8221;Noto Serif|700|||||||&#8221; header_2_font_size=&#8221;33px&#8221; global_colors_info=&#8221;{}&#8221;]<\/p>\n<p>VivaOhlala es una agencia especializada en excursiones originales en M\u00e9xico.<\/p>\n<p>Nos mueve la pasi\u00f3n por viajar y descubrir, y estamos orgullosos de contar con gu\u00edas que aman M\u00e9xico y que saben transmitir su pasi\u00f3n a nuestros clientes.<\/p>\n<p>En VivaOhlala creemos que cada viajero es \u00fanico y merece una experiencia de viaje a su medida.<\/p>\n<p>Nuestros gu\u00edas privados est\u00e1n aqu\u00ed para mimarte y guiarte por los lugares m\u00e1s m\u00e1gicos de M\u00e9xico, ofreci\u00e9ndote excursiones originales y aut\u00e9nticas, lejos de los tours operadores industriales.<\/p>\n<p>Estamos aqu\u00ed para ofrecerte lo mejor, ya sea en descubrimiento cultural, encuentros locales <br \/>o aventuras ins\u00f3litas.<\/p>\n<p><strong>En VivaOhlala creemos que viajar es ante todo una experiencia humana y hacemos todo lo posible para ofrecerte momentos inolvidables.<\/strong><\/p>\n<p>[\/et_pb_text][\/et_pb_column][et_pb_column type=&#8221;1_4&#8243; _builder_version=&#8221;4.20.4&#8243; _module_preset=&#8221;default&#8221; global_colors_info=&#8221;{}&#8221;][et_pb_image src=&#8221;https:\/\/vivaohlala.actopix.com\/wp-content\/uploads\/2023\/04\/agence-de-voyage-francophone-mexique-yucatan-riviera-maya-2.jpg&#8221; title_text=&#8221;agencia de viaje francofona mexicana yucatan riviera maya (2)&#8221; _builder_version=&#8221;4.20.4&#8243; _module_preset=&#8221;default&#8221; box_shadow_style=&#8221;preset1&#8243; global_colors_info=&#8221;{}&#8221;][\/et_pb_image][\/et_pb_column][\/et_pb_row][\/et_pb_section][et_pb_section fb_built=&#8221;1&#8243; _builder_version=&#8221;4.20.4&#8243; _module_preset=&#8221;default&#8221; custom_padding=&#8221;23px|||||&#8221; global_colors_info=&#8221;{}&#8221;][et_pb_row column_structure=&#8221;2_5,3_5&#8243; make_equal=&#8221;on&#8221; _builder_version=&#8221;4.20.4&#8243; _module_preset=&#8221;default&#8221; background_color=&#8221;#f7f7f7&#8243; custom_padding=&#8221;0px||0px||false|false&#8221; animation_style=&#8221;slide&#8221; animation_direction=&#8221;right&#8221; border_radii=&#8221;on|10px|10px|10px|10px&#8221; border_width_all=&#8221;2px&#8221; box_shadow_style=&#8221;preset1&#8243; global_colors_info=&#8221;{}&#8221;][et_pb_column type=&#8221;2_5&#8243; _builder_version=&#8221;4.20.4&#8243; _module_preset=&#8221;default&#8221; global_colors_info=&#8221;{}&#8221;][et_pb_image src=&#8221;https:\/\/vivaohlala.actopix.com\/wp-content\/uploads\/2023\/04\/simon-vivaohlala-excursion-cancun-tulum-riviera-maya.jpg&#8221; title_text=&#8221;simon vivaohlala excursion cancun tulum riviera maya&#8221; _builder_version=&#8221;4.20.4&#8243; _module_preset=&#8221;default&#8221; global_colors_info=&#8221;{}&#8221;][\/et_pb_image][\/et_pb_column][et_pb_column type=&#8221;3_5&#8243; _builder_version=&#8221;4.20.4&#8243; _module_preset=&#8221;default&#8221; custom_padding=&#8221;3%|2%||2%|false|false&#8221; global_colors_info=&#8221;{}&#8221;][et_pb_text _builder_version=&#8221;4.20.4&#8243; _module_preset=&#8221;default&#8221; text_font=&#8221;Noto Serif||||||||&#8221; text_font_size=&#8221;15px&#8221; header_2_font=&#8221;Noto Serif|700|||||||&#8221; header_2_font_size=&#8221;33px&#8221; global_colors_info=&#8221;{}&#8221;]<\/p>\n<h2>Simon, <span class=\"petit\">fundador<\/span><\/h2>\n<p><span class=\"petit\"><\/span><\/p>\n<h3>Franc\u00e9s enamorado de M\u00e9xico<\/h3>\n<p>Alegre y servicial, Simon es un viajero experimentado, que ha visitado m\u00e1s <br \/>de 53 pa\u00edses en 10 a\u00f1os de viajes por el mundo. Con esta experiencia, est\u00e1 acostumbrado a ayudar a los viajeros que encuentra y a compartir sus conocimientos.<\/p>\n<p>Despu\u00e9s de explorar todos los rincones de M\u00e9xico durante un viaje de 8 meses, Simon decidi\u00f3 regresar a la Riviera Maya para compartir su pasi\u00f3n con sus clientes. Le apasionan la fotograf\u00eda, el submarinismo y los animales.<\/p>\n<p>Como piloto de drones, Simon estar\u00e1 encantado de capturar fotos y v\u00eddeos a\u00e9reos excepcionales durante sus excursiones.<\/p>\n<p>En Viva Ohlala, nos comprometemos a proporcionarte experiencias de viaje inolvidables y aut\u00e9nticas. Esperamos poder acompa\u00f1arte en tus aventuras en la Riviera Maya con nuestro equipo apasionado y experto.<\/p>\n<p>[\/et_pb_text][\/et_pb_column][\/et_pb_row][et_pb_row column_structure=&#8221;3_5,2_5&#8243; make_equal=&#8221;on&#8221; _builder_version=&#8221;4.20.4&#8243; _module_preset=&#8221;default&#8221; background_color=&#8221;#f7f7f7&#8243; custom_margin=&#8221;40px||||false|false&#8221; custom_padding=&#8221;0px||0px||false|false&#8221; animation_style=&#8221;slide&#8221; animation_direction=&#8221;left&#8221; border_radii=&#8221;on|10px|10px|10px|10px&#8221; border_width_all=&#8221;2px&#8221; box_shadow_style=&#8221;preset1&#8243; global_colors_info=&#8221;{}&#8221;][et_pb_column type=&#8221;3_5&#8243; _builder_version=&#8221;4.20.4&#8243; _module_preset=&#8221;default&#8221; custom_padding=&#8221;3%|2%||2%|false|false&#8221; global_colors_info=&#8221;{}&#8221;][et_pb_text _builder_version=&#8221;4.21.0&#8243; _module_preset=&#8221;default&#8221; text_font=&#8221;Noto Serif||||||||&#8221; text_font_size=&#8221;15px&#8221; header_2_font=&#8221;Noto Serif|700|||||||&#8221; header_2_font_size=&#8221;33px&#8221; global_colors_info=&#8221;{}&#8221;]<\/p>\n<h2>Jessica, <span class=\"petit\">fundadora<\/span><\/h2>\n<p><span class=\"petit\"><\/span><\/p>\n<h3><span>Mexicana radiante y apasionada<\/span><\/h3>\n<p>Originaria del sureste de M\u00e9xico, Jessica decidi\u00f3 instalarse en la Riviera Maya para conocer turistas y compartir su cultura, as\u00ed como para dar los mejores consejos a los viajeros.<\/p>\n<p>Su objetivo es ofrecerte unos d\u00edas aut\u00e9nticos e inolvidables. Est\u00e1 convencida de que M\u00e9xico es una joya por descubrir y est\u00e1 dispuesta a acompa\u00f1arte en esta aventura con entusiasmo.<\/p>\n<p>Su lema es &#8220;VIVA MEXICO&#8221; y estar\u00e1 encantada de compartirlo contigo durante tus excursiones con nuestra agencia de viajes.<\/p>\n<p>Nuestras consignas son &#8220;autenticidad&#8221; y &#8220;descubrimiento&#8221;. Esperamos ofrecerte una experiencia de viaje \u00fanica e inolvidable en compa\u00f1\u00eda de nuestro apasionado equipo.<\/p>\n<p>[\/et_pb_text][\/et_pb_column][et_pb_column type=&#8221;2_5&#8243; _builder_version=&#8221;4.20.4&#8243; _module_preset=&#8221;default&#8221; global_colors_info=&#8221;{}&#8221;][et_pb_image src=&#8221;https:\/\/vivaohlala.actopix.com\/wp-content\/uploads\/2023\/04\/jessica-vivaohlala-excursion-cancun-tulum-riviera-maya.jpg&#8221; title_text=&#8221;jessica vivaohlala excursion cancun tulum riviera maya&#8221; _builder_version=&#8221;4.20.4&#8243; _module_preset=&#8221;default&#8221; global_colors_info=&#8221;{}&#8221;][\/et_pb_image][\/et_pb_column][\/et_pb_row][\/et_pb_section][et_pb_section fb_built=&#8221;1&#8243; _builder_version=&#8221;4.20.4&#8243; _module_preset=&#8221;default&#8221; background_enable_color=&#8221;off&#8221; background_image=&#8221;https:\/\/vivaohlala.actopix.com\/wp-content\/uploads\/2023\/04\/agence-de-voyage-francophone-mexique-yucatan-riviera-maya-excursions.jpg&#8221; custom_padding=&#8221;0px||9px|||&#8221; global_colors_info=&#8221;{}&#8221;][et_pb_row module_class=&#8221;pa-inline-buttons&#8221; _builder_version=&#8221;4.20.4&#8243; _module_preset=&#8221;default&#8221; locked=&#8221;off&#8221; global_colors_info=&#8221;{}&#8221;][et_pb_column type=&#8221;4_4&#8243; _builder_version=&#8221;4.20.4&#8243; _module_preset=&#8221;default&#8221; global_colors_info=&#8221;{}&#8221;][et_pb_text _builder_version=&#8221;4.20.4&#8243; _module_preset=&#8221;default&#8221; header_2_font=&#8221;Noto Serif|700|||||||&#8221; header_2_text_align=&#8221;center&#8221; header_2_text_color=&#8221;#FFFFFF&#8221; header_2_font_size=&#8221;30px&#8221; global_colors_info=&#8221;{}&#8221;]<\/p>\n<h2>Lo que opinan nuestros clientes de nosotros<\/h2>\n<p>[\/et_pb_text][\/et_pb_column][\/et_pb_row][et_pb_row _builder_version=&#8221;4.20.4&#8243; _module_preset=&#8221;default&#8221; custom_margin=&#8221;-19px|auto||auto||&#8221; custom_padding=&#8221;||0px|||&#8221; global_colors_info=&#8221;{}&#8221;][et_pb_column type=&#8221;4_4&#8243; _builder_version=&#8221;4.20.4&#8243; _module_preset=&#8221;default&#8221; global_colors_info=&#8221;{}&#8221;][et_pb_text _builder_version=&#8221;4.20.4&#8243; _module_preset=&#8221;default&#8221; background_color=&#8221;rgba(255,255,255,0.69)&#8221; custom_padding=&#8221;20px|20px|20px|20px|false|false&#8221; border_radii=&#8221;on|10px|10px|10px|10px&#8221; box_shadow_style=&#8221;preset1&#8243; global_colors_info=&#8221;{}&#8221;]<\/p>\n<p>[fbrev page_name=&#8221;VivaOhlala , agence Francophone au Mexique&#8221; page_id=&#8221;104526562140874&#8243; page_access_token=&#8221;EAAVVPjFKgSEBABXzlYAUvO1L1N61YatzHP2HoDZAZAnicZBQrGcryWKDZBYEYuT7Jzp5OLMdzjpk7hjyEbBIOubH5uL3pKh6X9AjZAuCfcZAZAD5nD31uHBidslFi4MAaweup9CodYbrckHVeoRCNagAZA3TrXvENwgOpRAsMiwuFksxJjSun1mbl6UeryujTPQZD&#8221; pagination=&#8221;7&#8243; text_size=&#8221;120&#8243; lazy_load_img=&#8221;true&#8221; show_success_api=&#8221;true&#8221; open_link=&#8221;true&#8221; nofollow_link=&#8221;true&#8221; api_ratings_limit=&#8221;500&#8243;]<\/p>\n<p>[\/et_pb_text][\/et_pb_column][\/et_pb_row][et_pb_row module_class=&#8221;pa-inline-buttons&#8221; _builder_version=&#8221;4.20.4&#8243; _module_preset=&#8221;default&#8221; custom_padding=&#8221;||6px|||&#8221; locked=&#8221;off&#8221; global_colors_info=&#8221;{}&#8221;][et_pb_column type=&#8221;4_4&#8243; _builder_version=&#8221;4.20.4&#8243; _module_preset=&#8221;default&#8221; global_colors_info=&#8221;{}&#8221;][et_pb_button button_url=&#8221;https:\/\/www.tripadvisor.com\/ShowUserReviews-g150812-d23888647-r883363010-VivaOhlala-Playa_del_Carmen_Yucatan_Peninsula.html#REVIEWS&#8221; url_new_window=&#8221;on&#8221; button_text=&#8221;Todos los comentarios en Tripadvisor&#8221; button_alignment=&#8221;right&#8221; _builder_version=&#8221;4.20.4&#8243; _module_preset=&#8221;default&#8221; custom_button=&#8221;on&#8221; button_text_size=&#8221;17px&#8221; button_text_color=&#8221;#FFFFFF&#8221; button_bg_color=&#8221;#00af87&#8243; button_border_color=&#8221;#00af87&#8243; button_border_radius=&#8221;15px&#8221; button_font=&#8221;|||on|||||&#8221; button_use_icon=&#8221;off&#8221; custom_margin=&#8221;|10px|||false|false&#8221; global_colors_info=&#8221;{}&#8221; button_bg_color__hover_enabled=&#8221;on|hover&#8221; button_bg_color__hover=&#8221;#00c69b&#8221; button_bg_enable_color__hover=&#8221;on&#8221; button_border_color__hover_enabled=&#8221;on|desktop&#8221; button_border_color__hover=&#8221;#00c69b&#8221;][\/et_pb_button][et_pb_button button_url=&#8221;https:\/\/www.google.com\/search?q=viva+ohlala+mexique&#038;rlz=1C1CHZN_esAR966AR966&#038;oq=viva+ohlala+mexique&#038;aqs=chrome..69i57j69i60l3.8129j0j4&#038;sourceid=chrome&#038;ie=UTF-8#lrd=0x8f4e43b9bb46f833:0x9fa05388cfdafd6b,1,,,,&#8221; url_new_window=&#8221;on&#8221; button_text=&#8221;Todos los comentarios en Google&#8221; button_alignment=&#8221;right&#8221; _builder_version=&#8221;4.20.4&#8243; _module_preset=&#8221;default&#8221; custom_button=&#8221;on&#8221; button_text_size=&#8221;17px&#8221; button_text_color=&#8221;#FFFFFF&#8221; button_bg_color=&#8221;#db4437&#8243; button_border_color=&#8221;#db4437&#8243; button_border_radius=&#8221;15px&#8221; button_font=&#8221;|||on|||||&#8221; button_use_icon=&#8221;off&#8221; custom_margin=&#8221;|10px|||false|false&#8221; global_colors_info=&#8221;{}&#8221; button_bg_color__hover_enabled=&#8221;on|hover&#8221; button_bg_color__hover=&#8221;#ff523f&#8221; button_bg_enable_color__hover=&#8221;on&#8221; button_border_color__hover_enabled=&#8221;on|desktop&#8221; button_border_color__hover=&#8221;#ff523f&#8221;][\/et_pb_button][et_pb_button button_url=&#8221;https:\/\/www.facebook.com\/VIVAohlala\/reviews&#8221; url_new_window=&#8221;on&#8221; button_text=&#8221;Todos los comentarios en Facebook&#8221; button_alignment=&#8221;right&#8221; _builder_version=&#8221;4.20.4&#8243; _module_preset=&#8221;default&#8221; custom_button=&#8221;on&#8221; button_text_size=&#8221;17px&#8221; button_text_color=&#8221;#FFFFFF&#8221; button_bg_color=&#8221;#3b5998&#8243; button_border_color=&#8221;#3b5998&#8243; button_border_radius=&#8221;15px&#8221; button_font=&#8221;|||on|||||&#8221; button_use_icon=&#8221;off&#8221; global_colors_info=&#8221;{}&#8221; button_bg_color__hover_enabled=&#8221;on|hover&#8221; button_bg_color__hover=&#8221;#4d71c6&#8243; button_bg_enable_color__hover=&#8221;on&#8221; button_border_color__hover_enabled=&#8221;on|hover&#8221; button_border_color__hover=&#8221;#4d71c6&#8243;][\/et_pb_button][\/et_pb_column][\/et_pb_row][\/et_pb_section][et_pb_section fb_built=&#8221;1&#8243; disabled_on=&#8221;off|off|off&#8221; admin_label=&#8221;Follow Along&#8221; _builder_version=&#8221;4.20.4&#8243; use_background_color_gradient=&#8221;on&#8221; background_color_gradient_stops=&#8221;#ffffff 0%|rgba(255,255,255,0) 52%&#8221; background_color_gradient_overlays_image=&#8221;on&#8221; background_color_gradient_start=&#8221;#ffffff&#8221; background_color_gradient_end=&#8221;rgba(255,255,255,0)&#8221; background_color_gradient_end_position=&#8221;52%&#8221; background_enable_image=&#8221;off&#8221; background_position=&#8221;center_right&#8221; custom_padding=&#8221;2px||0vw|||&#8221; global_colors_info=&#8221;{}&#8221;][et_pb_row column_structure=&#8221;3_5,2_5&#8243; module_class=&#8221; et_pb_row_fullwidth&#8221; _builder_version=&#8221;4.16&#8243; width=&#8221;89%&#8221; width_tablet=&#8221;80%&#8221; width_phone=&#8221;80%&#8221; width_last_edited=&#8221;on|desktop&#8221; max_width=&#8221;89%&#8221; max_width_tablet=&#8221;80%&#8221; max_width_phone=&#8221;80%&#8221; max_width_last_edited=&#8221;on|desktop&#8221; custom_margin=&#8221;0px|||&#8221; custom_padding=&#8221;|||&#8221; make_fullwidth=&#8221;on&#8221; global_colors_info=&#8221;{}&#8221;][et_pb_column type=&#8221;3_5&#8243; _builder_version=&#8221;4.16&#8243; custom_padding=&#8221;|||&#8221; global_colors_info=&#8221;{}&#8221; custom_padding__hover=&#8221;|||&#8221;][et_pb_text _builder_version=&#8221;4.21.0&#8243; _module_preset=&#8221;default&#8221; text_font=&#8221;Noto Sans||||||||&#8221; text_font_size=&#8221;17px&#8221; text_line_height=&#8221;2em&#8221; header_2_font=&#8221;Noto Serif|700|||||||&#8221; header_2_font_size=&#8221;30px&#8221; custom_margin=&#8221;||||false|false&#8221; global_colors_info=&#8221;{}&#8221;]<\/p>\n<h2>IMPORTANTE<\/h2>\n<p><span>Para responder mejor a tus preguntas o reservas <strong>te pedimos que nos contactes v\u00eda WhatsApp<\/strong>. <\/span><\/p>\n<p><span>Estamos recibiendo un gran n\u00famero de consultas por mail y nos gustar\u00eda responderlas de manera r\u00e1pida y eficaz. <\/span><\/p>\n<p><span>As\u00ed que, para agilizar el servicio de tus solicitudes de informaci\u00f3n o reservas, te pedimos que te comuniques con nosotros v\u00eda Whatsapp. \u00a1Gracias por tu comprensi\u00f3n y esperamos que pronto nos contactes!<\/span><\/p>\n<p>[\/et_pb_text][et_pb_button button_text=&#8221;Whatsapp&#8221; button_alignment=&#8221;center&#8221; _builder_version=&#8221;4.20.4&#8243; _module_preset=&#8221;default&#8221; custom_button=&#8221;on&#8221; button_text_color=&#8221;#FFFFFF&#8221; button_bg_color=&#8221;#43bf51&#8243; button_border_color=&#8221;#43bf51&#8243; button_border_radius=&#8221;30px&#8221; box_shadow_style=&#8221;preset1&#8243; global_colors_info=&#8221;{}&#8221; button_bg_color__hover_enabled=&#8221;on|hover&#8221; button_bg_color__hover=&#8221;#4fe260&#8243; button_bg_enable_color__hover=&#8221;on&#8221; button_border_color__hover_enabled=&#8221;on|desktop&#8221; button_border_color__hover=&#8221;#4fe260&#8243;][\/et_pb_button][\/et_pb_column][et_pb_column type=&#8221;2_5&#8243; _builder_version=&#8221;4.16&#8243; custom_padding=&#8221;|||&#8221; global_colors_info=&#8221;{}&#8221; custom_padding__hover=&#8221;|||&#8221;][et_pb_contact_form use_spam_service=&#8221;on&#8221; recaptcha_list=&#8221;viva|viva-0&#8243; email=&#8221;vivaohlalacontact@gmail.com&#8221; title=&#8221;\u00a1Cont\u00e1ctanos!&#8221; _builder_version=&#8221;4.21.0&#8243; _module_preset=&#8221;default&#8221; _unique_id=&#8221;64583740-0627-4d1e-b123-4ff3789f4ca9&#8243; title_level=&#8221;h2&#8243; title_font=&#8221;Noto Serif||||||||&#8221; title_font_size=&#8221;50px&#8221; custom_button=&#8221;on&#8221; button_text_color=&#8221;#FFFFFF&#8221; button_bg_color=&#8221;#578279&#8243; button_border_color=&#8221;#578279&#8243; button_border_radius=&#8221;25px&#8221; global_colors_info=&#8221;{}&#8221; button_bg_color__hover_enabled=&#8221;on|hover&#8221; button_bg_color__hover=&#8221;#72ada5&#8243; button_bg_enable_color__hover=&#8221;on&#8221; button_border_color__hover_enabled=&#8221;on|hover&#8221; button_border_color__hover=&#8221;#72ada5&#8243;][et_pb_contact_field field_id=&#8221;Name&#8221; field_title=&#8221;Nombre&#8221; _builder_version=&#8221;4.16&#8243; global_colors_info=&#8221;{}&#8221; button_text_size__hover_enabled=&#8221;off&#8221; button_one_text_size__hover_enabled=&#8221;off&#8221; button_two_text_size__hover_enabled=&#8221;off&#8221; button_text_color__hover_enabled=&#8221;off&#8221; button_one_text_color__hover_enabled=&#8221;off&#8221; button_two_text_color__hover_enabled=&#8221;off&#8221; button_border_width__hover_enabled=&#8221;off&#8221; button_one_border_width__hover_enabled=&#8221;off&#8221; button_two_border_width__hover_enabled=&#8221;off&#8221; button_border_color__hover_enabled=&#8221;off&#8221; button_one_border_color__hover_enabled=&#8221;off&#8221; button_two_border_color__hover_enabled=&#8221;off&#8221; button_border_radius__hover_enabled=&#8221;off&#8221; button_one_border_radius__hover_enabled=&#8221;off&#8221; button_two_border_radius__hover_enabled=&#8221;off&#8221; button_letter_spacing__hover_enabled=&#8221;off&#8221; button_one_letter_spacing__hover_enabled=&#8221;off&#8221; button_two_letter_spacing__hover_enabled=&#8221;off&#8221; button_bg_color__hover_enabled=&#8221;off&#8221; button_one_bg_color__hover_enabled=&#8221;off&#8221; button_two_bg_color__hover_enabled=&#8221;off&#8221;][\/et_pb_contact_field][et_pb_contact_field field_id=&#8221;Email&#8221; field_title=&#8221;Mail&#8221; field_type=&#8221;email&#8221; _builder_version=&#8221;4.16&#8243; global_colors_info=&#8221;{}&#8221; button_text_size__hover_enabled=&#8221;off&#8221; button_one_text_size__hover_enabled=&#8221;off&#8221; button_two_text_size__hover_enabled=&#8221;off&#8221; button_text_color__hover_enabled=&#8221;off&#8221; button_one_text_color__hover_enabled=&#8221;off&#8221; button_two_text_color__hover_enabled=&#8221;off&#8221; button_border_width__hover_enabled=&#8221;off&#8221; button_one_border_width__hover_enabled=&#8221;off&#8221; button_two_border_width__hover_enabled=&#8221;off&#8221; button_border_color__hover_enabled=&#8221;off&#8221; button_one_border_color__hover_enabled=&#8221;off&#8221; button_two_border_color__hover_enabled=&#8221;off&#8221; button_border_radius__hover_enabled=&#8221;off&#8221; button_one_border_radius__hover_enabled=&#8221;off&#8221; button_two_border_radius__hover_enabled=&#8221;off&#8221; button_letter_spacing__hover_enabled=&#8221;off&#8221; button_one_letter_spacing__hover_enabled=&#8221;off&#8221; button_two_letter_spacing__hover_enabled=&#8221;off&#8221; button_bg_color__hover_enabled=&#8221;off&#8221; button_one_bg_color__hover_enabled=&#8221;off&#8221; button_two_bg_color__hover_enabled=&#8221;off&#8221;][\/et_pb_contact_field][et_pb_contact_field field_id=&#8221;Message&#8221; field_title=&#8221;Mensaje&#8221; field_type=&#8221;text&#8221; fullwidth_field=&#8221;on&#8221; _builder_version=&#8221;4.16&#8243; global_colors_info=&#8221;{}&#8221; button_text_size__hover_enabled=&#8221;off&#8221; button_one_text_size__hover_enabled=&#8221;off&#8221; button_two_text_size__hover_enabled=&#8221;off&#8221; button_text_color__hover_enabled=&#8221;off&#8221; button_one_text_color__hover_enabled=&#8221;off&#8221; button_two_text_color__hover_enabled=&#8221;off&#8221; button_border_width__hover_enabled=&#8221;off&#8221; button_one_border_width__hover_enabled=&#8221;off&#8221; button_two_border_width__hover_enabled=&#8221;off&#8221; button_border_color__hover_enabled=&#8221;off&#8221; button_one_border_color__hover_enabled=&#8221;off&#8221; button_two_border_color__hover_enabled=&#8221;off&#8221; button_border_radius__hover_enabled=&#8221;off&#8221; button_one_border_radius__hover_enabled=&#8221;off&#8221; button_two_border_radius__hover_enabled=&#8221;off&#8221; button_letter_spacing__hover_enabled=&#8221;off&#8221; button_one_letter_spacing__hover_enabled=&#8221;off&#8221; button_two_letter_spacing__hover_enabled=&#8221;off&#8221; button_bg_color__hover_enabled=&#8221;off&#8221; button_one_bg_color__hover_enabled=&#8221;off&#8221; button_two_bg_color__hover_enabled=&#8221;off&#8221;][\/et_pb_contact_field][\/et_pb_contact_form][\/et_pb_column][\/et_pb_row][\/et_pb_section]<\/p>\n","protected":false},"excerpt":{"rendered":"<p>\u00bfQui\u00e9nes somos?VivaOhlala es una agencia especializada en excursiones originales en M\u00e9xico. Nos mueve la pasi\u00f3n por viajar y descubrir, y estamos orgullosos de contar con gu\u00edas que aman M\u00e9xico y que saben transmitir su pasi\u00f3n a nuestros clientes. En VivaOhlala creemos que cada viajero es \u00fanico y merece una experiencia de viaje a su medida. [&hellip;]<\/p>\n","protected":false},"author":1,"featured_media":0,"parent":0,"menu_order":0,"comment_status":"closed","ping_status":"closed","template":"","meta":{"_et_pb_use_builder":"on","_et_pb_old_content":"","_et_gb_content_width":"","_joinchat":[],"footnotes":""},"class_list":["post-734","page","type-page","status-publish","hentry"],"_links":{"self":[{"href":"https:\/\/vivaohlala.actopix.com\/es\/wp-json\/wp\/v2\/pages\/734","targetHints":{"allow":["GET"]}}],"collection":[{"href":"https:\/\/vivaohlala.actopix.com\/es\/wp-json\/wp\/v2\/pages"}],"about":[{"href":"https:\/\/vivaohlala.actopix.com\/es\/wp-json\/wp\/v2\/types\/page"}],"author":[{"embeddable":true,"href":"https:\/\/vivaohlala.actopix.com\/es\/wp-json\/wp\/v2\/users\/1"}],"replies":[{"embeddable":true,"href":"https:\/\/vivaohlala.actopix.com\/es\/wp-json\/wp\/v2\/comments?post=734"}],"version-history":[{"count":7,"href":"https:\/\/vivaohlala.actopix.com\/es\/wp-json\/wp\/v2\/pages\/734\/revisions"}],"predecessor-version":[{"id":2053,"href":"https:\/\/vivaohlala.actopix.com\/es\/wp-json\/wp\/v2\/pages\/734\/revisions\/2053"}],"wp:attachment":[{"href":"https:\/\/vivaohlala.actopix.com\/es\/wp-json\/wp\/v2\/media?parent=734"}],"curies":[{"name":"wp","href":"https:\/\/api.w.org\/{rel}","templated":true}]}}